{"id":235,"date":"2023-08-05T21:50:08","date_gmt":"2023-08-05T21:50:08","guid":{"rendered":"https:\/\/postgradofisioterapiainvasiva.usal.es\/?page_id=235"},"modified":"2025-06-11T07:17:04","modified_gmt":"2025-06-11T07:17:04","slug":"https-postgradofisioterapiainvasiva-usal-es-wp-content-uploads-sites-121-2024-06-salamanca-casos-clinicos_24-25-pdf","status":"publish","type":"page","link":"https:\/\/postgradofisioterapiainvasiva.usal.es\/en\/https-postgradofisioterapiainvasiva-usal-es-wp-content-uploads-sites-121-2024-06-salamanca-casos-clinicos_24-25-pdf\/","title":{"rendered":"(Espa\u00f1ol) Razonamiento cl\u00ednico en fisioterapia invasiva. Casos cl\u00ednicos"},"content":{"rendered":"<p class=\"qtranxs-available-languages-message qtranxs-available-languages-message-en\">Sorry, this entry is only available in <a href=\"https:\/\/postgradofisioterapiainvasiva.usal.es\/es\/wp-json\/wp\/v2\/pages\/235\" class=\"qtranxs-available-language-link qtranxs-available-language-link-es\" title=\"Espa\u00f1ol\">Espa\u00f1ol<\/a>.<\/p>","protected":false},"excerpt":{"rendered":"<p>Sorry, this entry is only available in Espa\u00f1ol.<\/p>\n","protected":false},"author":147,"featured_media":0,"parent":0,"menu_order":0,"comment_status":"closed","ping_status":"closed","template":"","meta":{"footnotes":""},"class_list":["post-235","page","type-page","status-publish","hentry"],"aioseo_notices":[],"_links":{"self":[{"href":"https:\/\/postgradofisioterapiainvasiva.usal.es\/en\/wp-json\/wp\/v2\/pages\/235","targetHints":{"allow":["GET"]}}],"collection":[{"href":"https:\/\/postgradofisioterapiainvasiva.usal.es\/en\/wp-json\/wp\/v2\/pages"}],"about":[{"href":"https:\/\/postgradofisioterapiainvasiva.usal.es\/en\/wp-json\/wp\/v2\/types\/page"}],"author":[{"embeddable":true,"href":"https:\/\/postgradofisioterapiainvasiva.usal.es\/en\/wp-json\/wp\/v2\/users\/147"}],"replies":[{"embeddable":true,"href":"https:\/\/postgradofisioterapiainvasiva.usal.es\/en\/wp-json\/wp\/v2\/comments?post=235"}],"version-history":[{"count":11,"href":"https:\/\/postgradofisioterapiainvasiva.usal.es\/en\/wp-json\/wp\/v2\/pages\/235\/revisions"}],"predecessor-version":[{"id":388,"href":"https:\/\/postgradofisioterapiainvasiva.usal.es\/en\/wp-json\/wp\/v2\/pages\/235\/revisions\/388"}],"wp:attachment":[{"href":"https:\/\/postgradofisioterapiainvasiva.usal.es\/en\/wp-json\/wp\/v2\/media?parent=235"}],"curies":[{"name":"wp","href":"https:\/\/api.w.org\/{rel}","templated":true}]}}